{"id":10171,"date":"2020-11-18T16:16:17","date_gmt":"2020-11-18T15:16:17","guid":{"rendered":"https:\/\/festivalfilmeduc.net\/?page_id=10171"},"modified":"2026-03-09T14:05:15","modified_gmt":"2026-03-09T13:05:15","slug":"infos-partenaires","status":"publish","type":"page","link":"https:\/\/festivalfilmeduc.net\/en\/festival\/infos-partenaires\/","title":{"rendered":"Infos Partenaires"},"content":{"rendered":"<p><strong>Vous trouverez ici les derni\u00e8res informations aux partenaires.<\/strong><\/p>\n<p>9 mars 2026 : La priorit\u00e9 de l&#8217;\u00e9quipe du FIFE en ce d\u00e9but d&#8217;ann\u00e9e : la veille sur les festivals&#8230; pour construire la programmation 2026 !<\/p>\n<p><span class=\"editor_button_link\"><a href=\"https:\/\/festivalfilmeduc.net\/wp-content\/uploads\/2026\/03\/FIFE-2026-Infos-partenaires-9-mars-2026-1.pdf\">FIFE 2026 &#8211; Infos partenaires 9 mars 2026<\/a><\/span><\/p>\n<p>6 d\u00e9cembre 2025 : D\u00e9couvrez le Palmar\u00e8s de la 21\u00e8me \u00e9dition !<\/p>\n<p><span class=\"editor_button_download\"><a href=\"https:\/\/festivalfilmeduc.net\/wp-content\/uploads\/2025\/12\/FFE-2025-Infos-partenaires-06-12-25-PALMARES-DEF.pdf\">FFE 2025- Infos-partenaires &#8211; 06-12-25 &#8211; PALMARES &#8211; DEF<\/a><\/span><\/p>\n<p>18\u00a0 Novembre 2025 :\u00a0 D\u00e9couvrez le programme complet de la 21\u00e8me \u00e9dition !<\/p>\n<p><span class=\"editor_button_download\"><a href=\"https:\/\/festivalfilmeduc.net\/wp-content\/uploads\/2025\/11\/FFE-2025-Infos-partenaires-18-11-2025-DEF.pdf\">FFE 2025- Infos-partenaires &#8211; 18-11-2025 &#8211; DEF<\/a><\/span><\/p>\n<p>3 Novembre 2025 : 21\u00e8me \u00e9dition du Festival international du film d&#8217;\u00e9ducation. Le programme se finalise&#8230;<\/p>\n<p><span class=\"editor_button_download\"><a href=\"https:\/\/festivalfilmeduc.net\/wp-content\/uploads\/2025\/11\/FFE-2025-Infos-partenaires-03-11-2025-DEF.pdf\">FFE 2025- Infos-partenaires &#8211; 03-11-2025 &#8211; DEF<\/a><\/span><\/p>\n<p>Octobre 2025 : 21\u00e8me \u00e9dition du Festival international du film d&#8217;\u00e9ducation, du 2 au 6 d\u00e9cembre 2025 \u00e0 Evreux. La derni\u00e8re ligne droite&#8230;<\/p>\n<p><span class=\"editor_button_download\"><a href=\"https:\/\/festivalfilmeduc.net\/wp-content\/uploads\/2025\/10\/FFE-2025-Infos-partenaires-2-OCTOBRE-2025-DEF.pdf\">FFE 2025- Infos-partenaires &#8211; 2 OCTOBRE 2025 &#8211; DEF<\/a><\/span><\/p>\n<p>D\u00e9cembre 2024 : Palmar\u00e8s de la 20\u00e8me \u00e9dition et prolongement en ligne du festival jusqu&#8217;au 31 d\u00e9cembre !<\/p>\n<p><span class=\"editor_button_download\"><a href=\"https:\/\/festivalfilmeduc.net\/wp-content\/uploads\/2024\/12\/FFE-2024-Infos-partenaires-Decembre-2024-Palmares.pdf\">FFE 2024- Infos-partenaires &#8211; D\u00e9cembre 2024<\/a><\/span><\/p>\n<p>Novembre 2024 : 20\u00e8me \u00e9dition du Festival international du film d&#8217;\u00e9ducation. D\u00e9couvrez le programme complet<\/p>\n<p><span class=\"editor_button_download\"><a href=\"https:\/\/festivalfilmeduc.net\/wp-content\/uploads\/2024\/11\/FFE-2024-Infos-partenaires-Novembre-2024-DEF.pdf\">FFE 2024- Infos-partenaires &#8211; NOVEMBRE 2024<\/a><\/span><\/p>\n<p>Octobre 2024 : 20\u00e8me \u00e9dition du Festival international du film d&#8217;\u00e9ducation. Le programme se finalise !<\/p>\n<p><span class=\"editor_button_download\"><a href=\"https:\/\/festivalfilmeduc.net\/wp-content\/uploads\/2024\/10\/FFE-2024-Infos-partenaires-OCTOBRE-2024-DEF-2.pdf\">FFE 2024- Infos-partenaires &#8211; OCTOBRE 2024 <\/a><\/span><\/p>\n<p>Septembre 2024 : 20\u00e8me \u00e9dition du Festival international du film d&#8217;\u00e9ducation. La derni\u00e8re ligne droite&#8230;<\/p>\n<p><span class=\"editor_button_download\"><a href=\"https:\/\/festivalfilmeduc.net\/wp-content\/uploads\/2024\/10\/FFE-2024-Infos-partenaires-SEPTEMBRE-2024-DEF.pdf\">FFE 2024- Infos-partenaires &#8211; SEPTEMBRE 24<\/a><\/span><\/p>\n<p>Novembre 2023 : Tout le programme de la 19\u00e8me \u00e9dition est en ligne !<\/p>\n<p><span class=\"editor_button_download\"><a href=\"https:\/\/festivalfilmeduc.net\/wp-content\/uploads\/2023\/11\/FFE-2023-Infos-partenaires-15-NOVEMBRE-23-DEF.pdf\">FFE 2023- Infos-partenaires &#8211; NOVEMBRE 23<\/a><\/span><\/p>\n<p>Octobre 2023 : Le programme de la 19\u00e8me \u00e9dition se d\u00e9voile peu \u00e0 peu !<\/p>\n<p><span class=\"editor_button_download\"><a href=\"https:\/\/festivalfilmeduc.net\/wp-content\/uploads\/2023\/10\/FFE-2023-Infos-partenaires-OCTOBRE-2023-DEF.pdf\">FFE 2023- Infos-partenaires &#8211; OCTOBRE 2023<\/a><\/span><\/p>\n<p>Juillet 2023 : La 19\u00e8me \u00e9dition se pr\u00e9pare<\/p>\n<p><span class=\"editor_button_download\"><a href=\"https:\/\/festivalfilmeduc.net\/wp-content\/uploads\/2023\/07\/FFE-2023-Infos-partenaires-JUILLET-2023.pdf\">FFE 2023- Infos-partenaires &#8211; JUILLET 2023<\/a><\/span><\/p>\n<p>D\u00e9cembre 2022 : Palmar\u00e8s et diffusion en ligne<\/p>\n<p><span class=\"editor_button_download\"><a href=\"https:\/\/festivalfilmeduc.net\/wp-content\/uploads\/2022\/12\/FFE-2022-Infos-partenaires-DECEMBRE-2022-Palmar\u00e8s-et-diffusion-en-ligne.pdf\">FFE 2022- Infos-partenaires &#8211; DECEMBRE 2022<\/a><\/span><\/p>\n<p>Novembre 2022 : Le programme complet de la 18\u00e8me \u00e9dition est d\u00e9voil\u00e9 ! R\u00e9servez vos Pass Festival.<\/p>\n<p><span class=\"editor_button_download editor_button_link\"><a href=\"https:\/\/festivalfilmeduc.net\/wp-content\/uploads\/2022\/11\/FFE-2022-Infos-partenaires-NOVEMBRE-2022-DEF.pdf\">FFE 2022- Infos-partenaires &#8211; NOVEMBRE 2022<\/a><\/span><\/p>\n<p>Octobre 2022 : Le programme de la 18\u00e8me \u00e9dition est d\u00e9voil\u00e9 !<\/p>\n<p><span class=\"editor_button_link\"><a href=\"https:\/\/festivalfilmeduc.net\/wp-content\/uploads\/2022\/10\/FFE-2022-Infos-partenaires-OCTOBRE-2022.pdf\">FFE 2022- Infos-partenaires &#8211; OCTOBRE 2022<\/a><\/span><\/p>\n<p>Juillet 2022 : Pr\u00e9paration de la 18\u00e8me \u00e9dition du Festival international du film d\u2019\u00e9ducation, du 29 novembre au 3 d\u00e9cembre 2022 \u00e0 \u00c9vreux<\/p>\n<p><span class=\"editor_button_link\"><a href=\"https:\/\/festivalfilmeduc.net\/wp-content\/uploads\/2022\/09\/FFE-2022-Infos-partenaires-JUILLET-2022-DEF.pdf\">FFE 2022- Infos-partenaires &#8211; JUILLET 2022<\/a><\/span><\/p>\n<p>D\u00e9cembre 2021 : 17e Festival international du Film d\u2019\u00c9ducation, Palmar\u00e8s<\/p>\n<p><span class=\"editor_button_download\"><a href=\"https:\/\/festivalfilmeduc.net\/wp-content\/uploads\/2021\/12\/FFE-2021-Infos-partenaires-4-D\u00e9cembre-2021-Palmar\u00e8s.pdf\">FFE 2021- Infos-partenaires &#8211; 4 D\u00e9cembre 2021 &#8211; Palmar\u00e8s<\/a><\/span><\/p>\n<p>Octobre 2021 :\u00a0 17e Festival international du Film d\u2019\u00c9ducation, du 30 novembre au 4 d\u00e9cembre 2021, un premier aper\u00e7u du programme !<\/p>\n<p><span class=\"editor_button_download\"><a href=\"https:\/\/festivalfilmeduc.net\/wp-content\/uploads\/2021\/11\/FFE-2021-Infos-partenaires-OCTOBRE-2021-DEF-1.pdf\">FFE 2021- Infos-partenaires &#8211; OCTOBRE 2021 <\/a><\/span><\/p>\n<p>Juillet 2021 : Retour sur la 16\u00e8me \u00e9dition du Festival et pr\u00e9paration de la 17\u00e8me \u00e9dition, du 30 novembre au 4 d\u00e9cembre 2021 \u00e0 \u00c9vreux<\/p>\n<p><span class=\"editor_button_download\"><a href=\"https:\/\/festivalfilmeduc.net\/festival\/infos-partenaires\/ffe-2021-infos-partenaires-juillet-2021-def\/\" target=\"_blank\" rel=\"attachment noopener wp-att-11239\">FFE 2021- Infos-partenaires &#8211; JUILLET 2021<\/a><\/span><\/p>\n<p>19 mai 2021 : Le festival accompagne la r\u00e9ouverture des salles de cin\u00e9ma !<br \/>\nDu mardi 22 au vendredi 25 juin 2021 \u00e0 \u00c9vreux<\/p>\n<p><span class=\"editor_button_download\"><a href=\"https:\/\/festivalfilmeduc.net\/festival\/infos-partenaires\/ffe-2020-infos-partenaires-19-mai-2021-def\/\" target=\"_blank\" rel=\"attachment noopener wp-att-11237\">FFE 2020- Infos-partenaires &#8211; 19 MAI 2021<\/a><\/span><\/p>\n<p>8 d\u00e9cembre : Le clap de fin de cette 16\u00e8me \u00e9dition a eu lieu ce weekend. Le palmar\u00e8s est enfin d\u00e9voil\u00e9 !<\/p>\n<p><span class=\"editor_button_download\"><a href=\"https:\/\/festivalfilmeduc.net\/wp-content\/uploads\/2020\/12\/FFE-2020-Infos-partenaires-8-DECEMBRE-2020.pdf\">FFE 2020- Infos-partenaires &#8211; 8 DECEMBRE 2020<\/a><\/span><\/p>\n<p>1er d\u00e9cembre : En attendant de retrouver les salles de cin\u00e9ma, le Festival et tous ses partenaires vous invitent \u00e0 sa s\u00e9ance de cl\u00f4ture !<\/p>\n<p><span class=\"editor_button_download\"><a href=\"https:\/\/festivalfilmeduc.net\/wp-content\/uploads\/2020\/12\/FFE-2020-Infos-partenaires-1ER-DECEMBRE-2020-1.pdf\">FFE 2020- Infos-partenaires &#8211; 1ER DECEMBRE 2020<\/a><\/span><\/p>\n<p>26 novembre : Le Festival International du Film d\u2019\u00c9ducation n&#8217;oublie pas les enfants !<\/p>\n<p><span class=\"editor_button_download\"><a href=\"https:\/\/festivalfilmeduc.net\/wp-content\/uploads\/2020\/11\/FFE-2020-Infos-partenaires-26-NOVEMBRE-2020-DEF.pdf\">FFE 2020- Infos-partenaires &#8211; 26 NOVEMBRE 2020<\/a><\/span><\/p>\n<p>18 novembre : Le Festival\u00a0 : Une bouff\u00e9e d&#8217;\u00e9nergie et d&#8217;\u00e9motion. C&#8217;est parti !<\/p>\n<p><span class=\"editor_button_download\"><a href=\"https:\/\/festivalfilmeduc.net\/wp-content\/uploads\/2020\/11\/FFE-2020-Infos-partenaires-18-NOVEMBRE-2020.pdf\">FFE 2020- Infos-partenaires &#8211; 18 NOVEMBRE 2020<\/a><\/span><\/p>\n<p>08 octobre : la d\u00e9mat\u00e9rialisation du festival, derni\u00e8re ligne droite : on s&#8217;adapte !<\/p>\n<p><span class=\"editor_button_download\"><a href=\"https:\/\/festivalfilmeduc.net\/wp-content\/uploads\/2020\/11\/FFE-2020-Infos-partenaires-8-OCTOBRE-20202.pdf\">FFE 2020- Infos-partenaires &#8211; 8 OCTOBRE 2020<\/a> <\/span><\/p>\n<p>3 novembre : Une nouvelle organisation particuli\u00e8re au regard de la situation sanitaire.<\/p>\n<p><span class=\"editor_button_download\"><a href=\"https:\/\/festivalfilmeduc.net\/wp-content\/uploads\/2020\/11\/FFE-2020-Infos-partenaires-3-NOVEMBRE-2020.pdf\">FFE 2020- Infos-partenaires &#8211; 3 NOVEMBRE 2020<\/a> <\/span><\/p>\n<p>&nbsp;<\/p>\n<p>&nbsp;<\/p>\n","protected":false},"excerpt":{"rendered":"<p>Vous trouverez ici les derni\u00e8res informations aux partenaires. 9 mars 2026 : La priorit\u00e9 de l&#8217;\u00e9quipe du FIFE en ce d\u00e9but d&#8217;ann\u00e9e : la veille sur les festivals&#8230; pour construire [&hellip;]<\/p>\n","protected":false},"author":12,"featured_media":10187,"parent":396,"menu_order":0,"comment_status":"closed","ping_status":"closed","template":"","meta":{"_acf_changed":false,"footnotes":""},"class_list":["post-10171","page","type-page","status-publish","has-post-thumbnail","hentry"],"acf":[],"_links":{"self":[{"href":"https:\/\/festivalfilmeduc.net\/en\/wp-json\/wp\/v2\/pages\/10171","targetHints":{"allow":["GET"]}}],"collection":[{"href":"https:\/\/festivalfilmeduc.net\/en\/wp-json\/wp\/v2\/pages"}],"about":[{"href":"https:\/\/festivalfilmeduc.net\/en\/wp-json\/wp\/v2\/types\/page"}],"author":[{"embeddable":true,"href":"https:\/\/festivalfilmeduc.net\/en\/wp-json\/wp\/v2\/users\/12"}],"replies":[{"embeddable":true,"href":"https:\/\/festivalfilmeduc.net\/en\/wp-json\/wp\/v2\/comments?post=10171"}],"version-history":[{"count":38,"href":"https:\/\/festivalfilmeduc.net\/en\/wp-json\/wp\/v2\/pages\/10171\/revisions"}],"predecessor-version":[{"id":26850,"href":"https:\/\/festivalfilmeduc.net\/en\/wp-json\/wp\/v2\/pages\/10171\/revisions\/26850"}],"up":[{"embeddable":true,"href":"https:\/\/festivalfilmeduc.net\/en\/wp-json\/wp\/v2\/pages\/396"}],"wp:featuredmedia":[{"embeddable":true,"href":"https:\/\/festivalfilmeduc.net\/en\/wp-json\/wp\/v2\/media\/10187"}],"wp:attachment":[{"href":"https:\/\/festivalfilmeduc.net\/en\/wp-json\/wp\/v2\/media?parent=10171"}],"curies":[{"name":"wp","href":"https:\/\/api.w.org\/{rel}","templated":true}]}}