{"id":24073,"date":"2025-10-08T17:16:28","date_gmt":"2025-10-08T15:16:28","guid":{"rendered":"https:\/\/festivalfilmeduc.net\/?page_id=24073"},"modified":"2025-12-06T10:17:44","modified_gmt":"2025-12-06T09:17:44","slug":"edition-2025","status":"publish","type":"page","link":"https:\/\/festivalfilmeduc.net\/en\/programmation\/edition-2025\/","title":{"rendered":"\u00c9dition 2025"},"content":{"rendered":"<p>Voici le lien pour t\u00e9l\u00e9charger le guide du festivalier avec la programmation journ\u00e9e par journ\u00e9e.<\/p>\n<p><span class=\"editor_button_download\"><a href=\"https:\/\/festivalfilmeduc.net\/wp-content\/uploads\/2025\/11\/Guide-du-festivalier-21eFIFE-BD.pdf\">Guide du festivalier 21eFIFE<\/a><\/span><\/p>\n<p>Vous pouvez \u00e9galement d\u00e9couvrir le catalogue de la 21\u00e8me \u00e9dition, classement des films par types de programmation (longs m\u00e9trages, courts et moyens m\u00e9trages, jeunes publics&#8230;).<\/p>\n<p><span class=\"editor_button_download\"><a href=\"https:\/\/festivalfilmeduc.net\/wp-content\/uploads\/2025\/11\/Catalogue-21eFIFE-BD-V4.pdf\">Catalogue 21eFIFE<\/a><\/span><\/p>\n<p><span class=\"editor_button_link\"><a href=\"https:\/\/www.calameo.com\/books\/0069835136fe15e8e74d5\">Feuilleter le catalogue\u00a0<\/a><\/span><\/p>\n<p>&nbsp;<\/p>\n","protected":false},"excerpt":{"rendered":"<p>Voici le lien pour t\u00e9l\u00e9charger le guide du festivalier avec la programmation journ\u00e9e par journ\u00e9e. Guide du festivalier 21eFIFE Vous pouvez \u00e9galement d\u00e9couvrir le catalogue de la 21\u00e8me \u00e9dition, classement [&hellip;]<\/p>\n","protected":false},"author":1,"featured_media":24074,"parent":3281,"menu_order":0,"comment_status":"closed","ping_status":"closed","template":"tp-programmation-archive.php","meta":{"_acf_changed":false,"footnotes":""},"class_list":["post-24073","page","type-page","status-publish","has-post-thumbnail","hentry"],"acf":[],"_links":{"self":[{"href":"https:\/\/festivalfilmeduc.net\/en\/wp-json\/wp\/v2\/pages\/24073","targetHints":{"allow":["GET"]}}],"collection":[{"href":"https:\/\/festivalfilmeduc.net\/en\/wp-json\/wp\/v2\/pages"}],"about":[{"href":"https:\/\/festivalfilmeduc.net\/en\/wp-json\/wp\/v2\/types\/page"}],"author":[{"embeddable":true,"href":"https:\/\/festivalfilmeduc.net\/en\/wp-json\/wp\/v2\/users\/1"}],"replies":[{"embeddable":true,"href":"https:\/\/festivalfilmeduc.net\/en\/wp-json\/wp\/v2\/comments?post=24073"}],"version-history":[{"count":44,"href":"https:\/\/festivalfilmeduc.net\/en\/wp-json\/wp\/v2\/pages\/24073\/revisions"}],"predecessor-version":[{"id":26321,"href":"https:\/\/festivalfilmeduc.net\/en\/wp-json\/wp\/v2\/pages\/24073\/revisions\/26321"}],"up":[{"embeddable":true,"href":"https:\/\/festivalfilmeduc.net\/en\/wp-json\/wp\/v2\/pages\/3281"}],"wp:featuredmedia":[{"embeddable":true,"href":"https:\/\/festivalfilmeduc.net\/en\/wp-json\/wp\/v2\/media\/24074"}],"wp:attachment":[{"href":"https:\/\/festivalfilmeduc.net\/en\/wp-json\/wp\/v2\/media?parent=24073"}],"curies":[{"name":"wp","href":"https:\/\/api.w.org\/{rel}","templated":true}]}}