{"id":5118,"date":"2019-09-23T23:33:46","date_gmt":"2019-09-23T21:33:46","guid":{"rendered":"https:\/\/festivalfilmeduc.net\/the-festival\/dvd-collection\/"},"modified":"2021-03-29T13:58:40","modified_gmt":"2021-03-29T11:58:40","slug":"dvd-collection","status":"publish","type":"page","link":"https:\/\/festivalfilmeduc.net\/en\/the-festival\/dvd-collection\/","title":{"rendered":"DVD collection"},"content":{"rendered":"<p>\u00c0 travers la collection vid\u00e9o \u00ab Le Festival international du film d\u2019\u00e9ducation pr\u00e9sente \u00bb, les CEM\u00c9A s\u2019engagent \u00e0 faire rencontrer ces films d\u2019\u00e9du-cation, peu ou pas diffus\u00e9s dans le cadre commercial \u00e0 des publics toujours plus nombreux et \u00e0 tout un ensemble de r\u00e9seaux aux ambitions sociales ou \u00e9ducatives pour amplifier des d\u00e9bats citoyens sur l\u2019\u00e9ducation<\/p>\n","protected":false},"excerpt":{"rendered":"<p>\u00c0 travers la collection vid\u00e9o \u00ab Le Festival international du film d\u2019\u00e9ducation pr\u00e9sente \u00bb, les CEM\u00c9A s\u2019engagent \u00e0 faire rencontrer ces films d\u2019\u00e9du-cation, peu ou pas diffus\u00e9s dans le cadre [&hellip;]<\/p>\n","protected":false},"author":1,"featured_media":10085,"parent":3140,"menu_order":0,"comment_status":"closed","ping_status":"closed","template":"tp-collection-dvd.php","meta":{"_acf_changed":false,"footnotes":""},"class_list":["post-5118","page","type-page","status-publish","has-post-thumbnail","hentry"],"acf":[],"_links":{"self":[{"href":"https:\/\/festivalfilmeduc.net\/en\/wp-json\/wp\/v2\/pages\/5118","targetHints":{"allow":["GET"]}}],"collection":[{"href":"https:\/\/festivalfilmeduc.net\/en\/wp-json\/wp\/v2\/pages"}],"about":[{"href":"https:\/\/festivalfilmeduc.net\/en\/wp-json\/wp\/v2\/types\/page"}],"author":[{"embeddable":true,"href":"https:\/\/festivalfilmeduc.net\/en\/wp-json\/wp\/v2\/users\/1"}],"replies":[{"embeddable":true,"href":"https:\/\/festivalfilmeduc.net\/en\/wp-json\/wp\/v2\/comments?post=5118"}],"version-history":[{"count":4,"href":"https:\/\/festivalfilmeduc.net\/en\/wp-json\/wp\/v2\/pages\/5118\/revisions"}],"predecessor-version":[{"id":10924,"href":"https:\/\/festivalfilmeduc.net\/en\/wp-json\/wp\/v2\/pages\/5118\/revisions\/10924"}],"up":[{"embeddable":true,"href":"https:\/\/festivalfilmeduc.net\/en\/wp-json\/wp\/v2\/pages\/3140"}],"wp:featuredmedia":[{"embeddable":true,"href":"https:\/\/festivalfilmeduc.net\/en\/wp-json\/wp\/v2\/media\/10085"}],"wp:attachment":[{"href":"https:\/\/festivalfilmeduc.net\/en\/wp-json\/wp\/v2\/media?parent=5118"}],"curies":[{"name":"wp","href":"https:\/\/api.w.org\/{rel}","templated":true}]}}