{"id":8809,"date":"2020-09-06T11:16:35","date_gmt":"2020-09-06T09:16:35","guid":{"rendered":"https:\/\/festivalfilmeduc.net\/the-team\/"},"modified":"2025-04-29T19:58:17","modified_gmt":"2025-04-29T17:58:17","slug":"the-team","status":"publish","type":"page","link":"https:\/\/festivalfilmeduc.net\/en\/the-team\/","title":{"rendered":"Our team"},"content":{"rendered":"<div style=\"padding: 20px 20px 0 20px; margin: 0 0 20px 0; border: 3px solid #A0A0A0; text-align: center; background: 0;\">\n<h2>OFFICE<\/h2>\n<p>Cem\u00e9a \u2013 Association nationale<br \/>\nFestival international du film d\u2019\u00e9ducation<br \/>\n24 rue Marc Seguin<br \/>\n75883 Paris Cedex 18 \u2013 France\n<\/p><\/div>\n<div style=\"width: 60%; padding: 0 10px 10 0; float: left;\">\n<h2 style=\"text-align: left;\"><strong>DIRECTION<\/strong><\/h2>\n<p style=\"text-align: left;\"><strong>Christian Gautellier<br \/>\n<\/strong>christian.gautellier@cemea.asso.fr <strong><br \/>\n<\/strong><\/p>\n<p>COMITE DE DIRECTION : Christine Votovic,\u00a0 Pacal Brunon et Franck Valeze,<\/p>\n<h2 style=\"text-align: left;\"><strong>ADMINISTRATION<br \/>\n<\/strong><\/h2>\n<p style=\"text-align: left;\"><strong>Marie-Laure de Carvalho <\/strong>marie.laure.de.carvalho@cemea.asso.fr\u00a0<strong><br \/>\n<\/strong><\/p>\n<h2 style=\"text-align: left;\"><strong>PROGRAMMATION<\/strong><\/h2>\n<p style=\"text-align: left;\"><strong>Jacques Pelissier<\/strong>,<br \/>\nprogrammer<br \/>\njacques@festivalfilmeduc.net<\/p>\n<p><strong>Nina Langlet<\/strong>,<br \/>\ncharg\u00e9e de la programmation courts et moyens m\u00e9trages<br \/>\nnina.langlet@cemea.asso.fr<\/p>\n<p><strong>Colombe Segura<\/strong>,<br \/>\ncoordinatrice de la programmation Jeunes publics<br \/>\ncolombe.segura@cemea.asso.fr<\/p>\n<h2><strong>PRODUCTION ET COMMUNICATION<\/strong><\/h2>\n<p><strong>B\u00e9atrice Narcy<\/strong>,<br \/>\ngraphic designer<br \/>\n<strong>Ludovic Helleboid<\/strong>,<br \/>\nwebmaster<br \/>\n<strong>Michel Ponthieu<\/strong>,<br \/>\ntechnical support<\/p>\n<h2 style=\"text-align: left;\"><strong>ACCESSIBILITY AND AUDIENCE EXPERIENCE<\/strong><\/h2>\n<p><strong>Fran\u00e7ois Laboulais\u00a0<\/strong> et <strong>Marianne Jonot<br \/>\n<\/strong><\/p>\n<\/div>\n<h2><strong>SELECTION COMMITTEES<\/strong><\/h2>\n<p><strong>\u2022 Short and medium-length films<\/strong> : Jacques et Blandine Labarre, Jean-Pierre Carrier, Fran\u00e7oise Martin, Jacqueline Puyalet, Dominique Brossier, Agn\u00e8s Hallet, Jacques Pelissier,\u00a0 Lo\u00efc Bahu, Marie-Odile et Patrick Sanchez,\u00a0 L\u00e9opold Soyez, Catherine Delon, Nina Langlet,<\/p>\n<p><strong>\u2022 Feature films<\/strong> :\u00a0 Daniel Paris, Bernard Kuhn, Pierre Forni, Jeanne Boisumeau et Christian Gautellier<\/p>\n<p><strong>\u2022 Feature documentaries<\/strong> :\u00a0 Louise Camerlynck,\u00a0 Rosemonde Doignies, Clara Legrout, Jacques Pelissier, Michel Rebourg, et Franck Val\u00e8ze.<\/p>\n<p><strong>\u2022 Young Audience<\/strong> : Thomas Albarran, V\u00e9ronique Bar\u00e7on, Fran\u00e7oise Bonnemaison, G\u00e9rard Bouhot, Colette Coquard, Thierry Coste, C\u00e9line Coturel, Chlo\u00e9lia Delesalle,\u00a0 Zo\u00e9\u00a0\u00a0 Fischer,\u00a0 Meenu Mahai, Suzanne Mallet, Nadine Massonni\u00e8re, Luca Menoni, Pierre Procolam, Colombe Segura et\u00a0 Oscar Silovic .<\/p>\n<hr \/>\n<h2>They are also preparing the next edition :<\/h2>\n<p style=\"text-align: left;\"><strong>Fran\u00e7ois Laboulais<\/strong>, directeur adjoint en charge du P\u00f4le M\u00e9dias, Num\u00e9rique et \u00c9ducation critique \/ Valeurs de la R\u00e9publique et la\u00efcit\u00e9 des CEMEA<br \/>\n<strong>David Ryboloviecz<\/strong>, directeur national aux enjeux culturels et soci\u00e9taux des CEMEA<br \/>\n<strong>Laurent Gautier<\/strong>, charg\u00e9 de mission national \u2013 Axe &#8220;Dans et avec l\u2019\u00c9cole&#8221; des CEMEA<\/p>\n<p style=\"text-align: left;\"><strong>Nathalie Bondoa,<\/strong> \u00c9cole nationale de Protection judiciaire de la Jeunesse<\/p>\n","protected":false},"excerpt":{"rendered":"<p>OFFICE Cem\u00e9a \u2013 Association nationale Festival international du film d\u2019\u00e9ducation 24 rue Marc Seguin 75883 Paris Cedex 18 \u2013 France DIRECTION Christian Gautellier christian.gautellier@cemea.asso.fr COMITE DE DIRECTION : Christine Votovic,\u00a0 [&hellip;]<\/p>\n","protected":false},"author":1,"featured_media":0,"parent":0,"menu_order":0,"comment_status":"closed","ping_status":"closed","template":"tp-equipe.php","meta":{"_acf_changed":false,"footnotes":""},"class_list":["post-8809","page","type-page","status-publish","hentry"],"acf":[],"_links":{"self":[{"href":"https:\/\/festivalfilmeduc.net\/en\/wp-json\/wp\/v2\/pages\/8809","targetHints":{"allow":["GET"]}}],"collection":[{"href":"https:\/\/festivalfilmeduc.net\/en\/wp-json\/wp\/v2\/pages"}],"about":[{"href":"https:\/\/festivalfilmeduc.net\/en\/wp-json\/wp\/v2\/types\/page"}],"author":[{"embeddable":true,"href":"https:\/\/festivalfilmeduc.net\/en\/wp-json\/wp\/v2\/users\/1"}],"replies":[{"embeddable":true,"href":"https:\/\/festivalfilmeduc.net\/en\/wp-json\/wp\/v2\/comments?post=8809"}],"version-history":[{"count":20,"href":"https:\/\/festivalfilmeduc.net\/en\/wp-json\/wp\/v2\/pages\/8809\/revisions"}],"predecessor-version":[{"id":23414,"href":"https:\/\/festivalfilmeduc.net\/en\/wp-json\/wp\/v2\/pages\/8809\/revisions\/23414"}],"wp:attachment":[{"href":"https:\/\/festivalfilmeduc.net\/en\/wp-json\/wp\/v2\/media?parent=8809"}],"curies":[{"name":"wp","href":"https:\/\/api.w.org\/{rel}","templated":true}]}}