{"id":8810,"date":"2020-09-06T11:17:35","date_gmt":"2020-09-06T09:17:35","guid":{"rendered":"https:\/\/festivalfilmeduc.net\/legal-notices\/"},"modified":"2020-09-06T11:17:35","modified_gmt":"2020-09-06T09:17:35","slug":"legal-notices","status":"publish","type":"page","link":"https:\/\/festivalfilmeduc.net\/en\/legal-notices\/","title":{"rendered":"Legal notices"},"content":{"rendered":"<h2>\u00c9diteur<\/h2>\n<p>Festival International du Film d&#8217;\u00c9ducation<br \/>\nSi\u00e8ge social : 24 rue Marc Seguin, 75883 Paris cedex 18<br \/>\nT\u00e9l : +33 (0) 1 53 26 24 24<br \/>\nFax : +33 (0) 1 53 26 24 19<br \/>\n&#8211; Directeur de la publication : Christian Gautellier<br \/>\n&#8211; Int\u00e9gration : Zo\u00e9 Laplanche, Ludovic Helleboid<\/p>\n<h2>H\u00e9bergeur<\/h2>\n<p>Nom : OVH<br \/>\nAdresse : 2 rue Kellermann &#8211; 59100 Roubaix &#8211; France<br \/>\nT\u00e9l : 1007<\/p>\n<h2>Donn\u00e9es personnelles<\/h2>\n<p>Les adresses de courriers \u00e9lectroniques et donn\u00e9es nominatives transmises par les visiteurs par l\u2019interm\u00e9diaire du formulaire de contact sont destin\u00e9es exclusivement \u00e0 l\u2019usage de l&#8217;association nationale des Cem\u00e9a aux fins d\u2019assurer l\u2019information des visiteurs du site et de r\u00e9pondre \u00e0 leurs demandes. Conform\u00e9ment \u00e0 la loi n\u00b0 78-17 du 6 janvier 1978 relative \u00e0 l\u2019informatique, aux fichiers et aux libert\u00e9s, modifi\u00e9e en ao\u00fbt 2004, vous disposez d\u2019un droit d\u2019acc\u00e8s, de rectification, de modification, d\u2019opposition, de suppression sur les donn\u00e9es qui vous concernent.<\/p>\n<p>Plus d\u2019information sur le site de la <a href=\"http:\/\/www.cnil.fr\/\">CNIL<\/a>.<\/p>\n<h2>Propri\u00e9t\u00e9 intellectuelle<\/h2>\n<p>Ce site rel\u00e8ve de la l\u00e9gislation fran\u00e7aise et internationale sur le droit d\u2019auteur et la propri\u00e9t\u00e9 intellectuelle. Toutes les images pr\u00e9sentes sur ce site web sont soumises \u00e0 un copyright.<br \/>\nLa reproduction de tout ou partie de ce site sur support \u00e9lectronique ou support papier (y compris les documents t\u00e9l\u00e9chargeables) est formellement interdite sauf autorisation expresse du directeur de la publication. La pr\u00e9sence de liens hypertextes vers d\u2019autres sites internet n\u2019engage aucunement l&#8217;association nationale des Cem\u00e9a sur le contenu de ces sites.<\/p>\n<p>&nbsp;<\/p>\n<p>&nbsp;<\/p>\n<p>Les Cem\u00e9a sont une association nationale, reconnue d\u2019utilit\u00e9 publique, habilit\u00e9e par divers minist\u00e8res ou administrations publiques. Les Cem\u00e9a sont soutenus pour leur fonctionnement et leurs projets par le Minist\u00e8re de l\u2019\u00c9ducation nationale et de la Jeunesse\u00a0; le Minist\u00e8re de l\u2019Enseignement sup\u00e9rieur, de la Recherche et de l\u2019Innovation ; le Minist\u00e8re de la Culture ; le Minist\u00e8re des Solidarit\u00e9s et de la Sant\u00e9 ; le Minist\u00e8re du Travail\u00a0; le Minist\u00e8re de la Justice ; le Minist\u00e8re des Outre-mer ; le Minist\u00e8re de l\u2019Europe et des Affaires \u00e9trang\u00e8res.<\/p>\n","protected":false},"excerpt":{"rendered":"<p>\u00c9diteur Festival International du Film d&#8217;\u00c9ducation Si\u00e8ge social : 24 rue Marc Seguin, 75883 Paris cedex 18 T\u00e9l : +33 (0) 1 53 26 24 24 Fax : +33 (0) [&hellip;]<\/p>\n","protected":false},"author":1,"featured_media":0,"parent":0,"menu_order":0,"comment_status":"closed","ping_status":"closed","template":"","meta":{"_acf_changed":false,"footnotes":""},"class_list":["post-8810","page","type-page","status-publish","hentry"],"acf":[],"_links":{"self":[{"href":"https:\/\/festivalfilmeduc.net\/en\/wp-json\/wp\/v2\/pages\/8810","targetHints":{"allow":["GET"]}}],"collection":[{"href":"https:\/\/festivalfilmeduc.net\/en\/wp-json\/wp\/v2\/pages"}],"about":[{"href":"https:\/\/festivalfilmeduc.net\/en\/wp-json\/wp\/v2\/types\/page"}],"author":[{"embeddable":true,"href":"https:\/\/festivalfilmeduc.net\/en\/wp-json\/wp\/v2\/users\/1"}],"replies":[{"embeddable":true,"href":"https:\/\/festivalfilmeduc.net\/en\/wp-json\/wp\/v2\/comments?post=8810"}],"version-history":[{"count":0,"href":"https:\/\/festivalfilmeduc.net\/en\/wp-json\/wp\/v2\/pages\/8810\/revisions"}],"wp:attachment":[{"href":"https:\/\/festivalfilmeduc.net\/en\/wp-json\/wp\/v2\/media?parent=8810"}],"curies":[{"name":"wp","href":"https:\/\/api.w.org\/{rel}","templated":true}]}}